{"id":2,"date":"2025-03-12T16:28:08","date_gmt":"2025-03-12T16:28:08","guid":{"rendered":"https:\/\/cinetudiant.fr\/?page_id=2"},"modified":"2026-01-31T23:13:37","modified_gmt":"2026-01-31T23:13:37","slug":"presentation-du-cinetudiant","status":"publish","type":"page","link":"https:\/\/cinetudiant.fr\/index.php\/presentation-du-cinetudiant\/","title":{"rendered":"Qui sommes-nous ?"},"content":{"rendered":"\n\n\n<p>Le Cin\u00e9tudiant est une association d\u00e9di\u00e9e \u00e0 la promotion du cin\u00e9ma sous toutes ses formes, pens\u00e9e par et pour les \u00e9tudiant\u00b7es. \u00c0 la crois\u00e9e de la culture, de la cr\u00e9ation et de la transmission, Le Cin\u00e9tudiant a pour ambition de rendre le cin\u00e9ma accessible, vivant et f\u00e9d\u00e9rateur, aussi bien pour les passionn\u00e9\u00b7es que pour les curieux\u00b7ses.<\/p>\n\n\n\n<h4 class=\"wp-block-heading\">La pluralit\u00e9 des regards comme seul guide<\/h4>\n\n\n\n<p>Le Cin\u00e9tudiant se veut un espace d\u2019\u00e9change et d\u2019exp\u00e9rimentation autour de l\u2019image et du r\u00e9cit audiovisuel. \u00c0 travers ses actions, l\u2019association valorise la diversit\u00e9 des \u0153uvres, des points de vue et des pratiques, en mettant en avant aussi bien le cin\u00e9ma patrimonial que les cr\u00e9ations contemporaines et \u00e9tudiantes.<\/p>\n\n\n\n<h4 class=\"wp-block-heading\">Nos missions<\/h4>\n\n\n\n<ul class=\"wp-block-list\">\n<li><strong>Diffuser la culture cin\u00e9matographique<\/strong> aupr\u00e8s du public \u00e9tudiant \u00e0 travers des projections, des cycles th\u00e9matiques et des \u00e9v\u00e9nements d\u00e9di\u00e9s.<\/li>\n\n\n\n<li><strong>Encourager la cr\u00e9ation<\/strong> en soutenant les projets audiovisuels \u00e9tudiants et en offrant des espaces de visibilit\u00e9 et de discussion.<\/li>\n\n\n\n<li><strong>Cr\u00e9er du lien<\/strong> entre \u00e9tudiant\u00b7es, professionnel\u00b7les et passionn\u00e9\u00b7es du cin\u00e9ma.<\/li>\n\n\n\n<li><strong>Former le regard critique<\/strong> gr\u00e2ce \u00e0 des d\u00e9bats, rencontres, ateliers et analyses de films.<\/li>\n<\/ul>\n\n\n\n<h4 class=\"wp-block-heading\">Pas de promesse sans actions<\/h4>\n\n\n\n<p>Projections-d\u00e9bats, festivals, rencontres avec des intervenant\u00b7es du milieu, ateliers pratiques, couverture d\u2019\u00e9v\u00e9nements culturels\u2026 Le Cin\u00e9tudiant propose une programmation vari\u00e9e et dynamique, rythm\u00e9e par l\u2019actualit\u00e9 cin\u00e9matographique et les initiatives de ses membres.<\/p>\n\n\n\n<h4 class=\"wp-block-heading\">Un projet collectif<\/h4>\n\n\n\n<p>Port\u00e9 par une \u00e9quipe d\u2019\u00e9tudiant\u00b7es engag\u00e9\u00b7es, Le Cin\u00e9tudiant repose sur des valeurs de partage, de curiosit\u00e9 et de collaboration. Chaque membre peut s\u2019impliquer selon ses envies : organisation d\u2019\u00e9v\u00e9nements, r\u00e9daction, communication, technique, programmation ou cr\u00e9ation.<\/p>\n\n\n\n<h4 class=\"wp-block-heading\"><a href=\"https:\/\/www.helloasso.com\/associations\/le-cinetudiant\/adhesions\/adhesion-cinetudiant-1\" target=\"_blank\" rel=\"noopener\">Rejoindre Le Cin\u00e9tudiant<\/a><\/h4>\n\n\n\n<p>Que vous soyez cin\u00e9phile averti\u00b7e, amateur\u00b7rice occasionnel\u00b7le ou simplement curieux\u00b7se, Le Cin\u00e9tudiant est ouvert \u00e0 toutes et tous. Rejoindre l\u2019association, c\u2019est participer \u00e0 une aventure collective autour du cin\u00e9ma et contribuer \u00e0 faire vivre une culture riche, accessible et engag\u00e9e. Nous cherchons autant de techniciens que des artistes devant ou derri\u00e8re la cam\u00e9ra.<\/p>\n","protected":false},"excerpt":{"rendered":"<p>Le Cin\u00e9tudiant est une association d\u00e9di\u00e9e \u00e0 la promotion du cin\u00e9ma sous toutes ses formes, pens\u00e9e par et pour les \u00e9tudiant\u00b7es. \u00c0 la crois\u00e9e de la culture, de la cr\u00e9ation&#8230;<\/p>\n","protected":false},"author":1,"featured_media":0,"parent":0,"menu_order":0,"comment_status":"closed","ping_status":"open","template":"","meta":{"footnotes":""},"class_list":["post-2","page","type-page","status-publish","hentry"],"_links":{"self":[{"href":"https:\/\/cinetudiant.fr\/index.php\/wp-json\/wp\/v2\/pages\/2","targetHints":{"allow":["GET"]}}],"collection":[{"href":"https:\/\/cinetudiant.fr\/index.php\/wp-json\/wp\/v2\/pages"}],"about":[{"href":"https:\/\/cinetudiant.fr\/index.php\/wp-json\/wp\/v2\/types\/page"}],"author":[{"embeddable":true,"href":"https:\/\/cinetudiant.fr\/index.php\/wp-json\/wp\/v2\/users\/1"}],"replies":[{"embeddable":true,"href":"https:\/\/cinetudiant.fr\/index.php\/wp-json\/wp\/v2\/comments?post=2"}],"version-history":[{"count":2,"href":"https:\/\/cinetudiant.fr\/index.php\/wp-json\/wp\/v2\/pages\/2\/revisions"}],"predecessor-version":[{"id":42,"href":"https:\/\/cinetudiant.fr\/index.php\/wp-json\/wp\/v2\/pages\/2\/revisions\/42"}],"wp:attachment":[{"href":"https:\/\/cinetudiant.fr\/index.php\/wp-json\/wp\/v2\/media?parent=2"}],"curies":[{"name":"wp","href":"https:\/\/api.w.org\/{rel}","templated":true}]}}